{"id":502,"date":"2026-04-13T20:35:28","date_gmt":"2026-04-13T19:35:28","guid":{"rendered":"https:\/\/moroccansf.com\/?post_type=product&#038;p=502"},"modified":"2026-04-13T20:36:14","modified_gmt":"2026-04-13T19:36:14","slug":"planche-de-surf-jaune","status":"publish","type":"product","link":"https:\/\/moroccansf.com\/?product=planche-de-surf-jaune","title":{"rendered":"Planche de surf Jaune"},"content":{"rendered":"<p>Con\u00e7ue par notre \u00e9quipe de surfeurs passionn\u00e9s pour les surfeurs r\u00e9guliers de bon gabarit qui recherchent de la facilit\u00e9 dans de petites vagues .<\/p>\n<p>Une planche parfaite pour les petites vagues molles et les Gabarits plus lourds. D\u00e9velopp\u00e9e dans notre centre de conception \u00e0 Hendaye sur la c\u00f4te Basque.<br \/>\nLeash et ailerons inclus.<\/p>\n","protected":false},"excerpt":{"rendered":"<p>Con\u00e7ue par notre \u00e9quipe de surfeurs passionn\u00e9s pour les surfeurs r\u00e9guliers de bon gabarit qui recherchent de la facilit\u00e9 dans de petites vagues . Une planche parfaite pour les petites vagues molles et les Gabarits plus lourds. D\u00e9velopp\u00e9e dans notre centre de conception \u00e0 Hendaye sur la c\u00f4te Basque. Leash et ailerons inclus.<\/p>\n","protected":false},"featured_media":499,"comment_status":"open","ping_status":"closed","template":"","meta":[],"product_brand":[],"product_cat":[38,37,20,36],"product_tag":[],"class_list":{"0":"post-502","1":"product","2":"type-product","3":"status-publish","4":"has-post-thumbnail","6":"product_cat-accessories","7":"product_cat-new-boards","8":"product_cat-non-classe","9":"product_cat-used-boards","11":"first","12":"instock","13":"sale","14":"shipping-taxable","15":"purchasable","16":"product-type-simple"},"_links":{"self":[{"href":"https:\/\/moroccansf.com\/index.php?rest_route=\/wp\/v2\/product\/502","targetHints":{"allow":["GET"]}}],"collection":[{"href":"https:\/\/moroccansf.com\/index.php?rest_route=\/wp\/v2\/product"}],"about":[{"href":"https:\/\/moroccansf.com\/index.php?rest_route=\/wp\/v2\/types\/product"}],"replies":[{"embeddable":true,"href":"https:\/\/moroccansf.com\/index.php?rest_route=%2Fwp%2Fv2%2Fcomments&post=502"}],"wp:featuredmedia":[{"embeddable":true,"href":"https:\/\/moroccansf.com\/index.php?rest_route=\/wp\/v2\/media\/499"}],"wp:attachment":[{"href":"https:\/\/moroccansf.com\/index.php?rest_route=%2Fwp%2Fv2%2Fmedia&parent=502"}],"wp:term":[{"taxonomy":"product_brand","embeddable":true,"href":"https:\/\/moroccansf.com\/index.php?rest_route=%2Fwp%2Fv2%2Fproduct_brand&post=502"},{"taxonomy":"product_cat","embeddable":true,"href":"https:\/\/moroccansf.com\/index.php?rest_route=%2Fwp%2Fv2%2Fproduct_cat&post=502"},{"taxonomy":"product_tag","embeddable":true,"href":"https:\/\/moroccansf.com\/index.php?rest_route=%2Fwp%2Fv2%2Fproduct_tag&post=502"}],"curies":[{"name":"wp","href":"https:\/\/api.w.org\/{rel}","templated":true}]}}